{"id":11,"date":"2012-10-20T19:27:54","date_gmt":"2012-10-20T17:27:54","guid":{"rendered":"http:\/\/www.insane-tom-93.de\/wordpress\/?page_id=11"},"modified":"2025-09-14T22:13:10","modified_gmt":"2025-09-14T20:13:10","slug":"start","status":"publish","type":"page","link":"http:\/\/www.insanecrew-93.de\/","title":{"rendered":"Herzlich Willkommen!"},"content":{"rendered":"<style type=\"text\/css\">.easingslider-2241 { max-width: 640px; }.easingslider-2241 .easingslider-image { max-height: 400px; max-width: 640px; }.easingslider-2241 .easingslider-fade-in, .easingslider-fade-out { -webkit-animation-duration: 400ms; -moz-animation-duration: 400ms; animation-duration: 400ms; }<\/style><script type=\"text\/javascript\">window.EasingSlider2241 = {\"width\":640,\"height\":400,\"singleItem\":true,\"items\":1,\"itemsDesktop\":false,\"itemsDesktopSmall\":false,\"itemsTablet\":false,\"itemsTabletSmall\":false,\"itemsMobile\":false,\"responsive\":true,\"lazyLoad\":true,\"autoPlay\":4000,\"slideSpeed\":400,\"navigation\":true,\"navigationText\":[\"\",\"\"],\"pagination\":true,\"autoHeight\":false,\"mouseDrag\":false,\"touchDrag\":false,\"addClassActive\":true,\"transitionStyle\":\"fade\"};<\/script><div data-id=\"2241\" class=\"easingslider easingslider-2241 easingslider-container easingslider-resizing-enabled easingslider-aspect-ratio easingslider-arrows-inside easingslider-pagination-inside easingslider-pagination-bottom-center\"><div class=\"easingslider-slide\"><img decoding=\"async\" src=\"http:\/\/www.insanecrew-93.de\/wp-content\/plugins\/easing-slider\/assets\/images\/placeholder-pixel.png\" data-src=\"http:\/\/www.insanecrew-93.de\/wp-content\/uploads\/2023\/07\/color-640x400.jpg\" alt=\"\" title=\"\" class=\"easingslider-image easingslider-lazy\" \/><\/div><div class=\"easingslider-slide\"><img decoding=\"async\" src=\"http:\/\/www.insanecrew-93.de\/wp-content\/plugins\/easing-slider\/assets\/images\/placeholder-pixel.png\" data-src=\"http:\/\/www.insanecrew-93.de\/wp-content\/uploads\/2023\/07\/IMG-20230718-WA0032-640x400.jpg\" alt=\"\" title=\"\" class=\"easingslider-image easingslider-lazy\" \/><\/div><div class=\"easingslider-slide\"><img decoding=\"async\" src=\"http:\/\/www.insanecrew-93.de\/wp-content\/plugins\/easing-slider\/assets\/images\/placeholder-pixel.png\" data-src=\"http:\/\/www.insanecrew-93.de\/wp-content\/uploads\/2023\/07\/Insane-Banner.bmp\" alt=\"\" title=\"\" class=\"easingslider-image easingslider-lazy\" \/><\/div><div class=\"easingslider-slide\"><img decoding=\"async\" src=\"http:\/\/www.insanecrew-93.de\/wp-content\/plugins\/easing-slider\/assets\/images\/placeholder-pixel.png\" data-src=\"http:\/\/www.insanecrew-93.de\/wp-content\/uploads\/2013\/10\/DSCF1489-640x400.jpg\" alt=\"\" title=\"\" class=\"easingslider-image easingslider-lazy\" \/><\/div><div class=\"easingslider-slide\"><img decoding=\"async\" src=\"http:\/\/www.insanecrew-93.de\/wp-content\/plugins\/easing-slider\/assets\/images\/placeholder-pixel.png\" data-src=\"http:\/\/www.insanecrew-93.de\/wp-content\/uploads\/2013\/04\/7-e1689606235139-640x400.jpg\" alt=\"\" title=\"\" class=\"easingslider-image easingslider-lazy\" \/><\/div><\/div>\n<p>Willkommen auf der Internetseite der <strong>INSANE CREW&nbsp;<\/strong><br>Wir freuen uns, dass Ihr uns auch hier im World Wide Web besuchen kommt.<\/p>\n<p>Wir w\u00fcnschen euch eine geile Saison 2025 und<br>viel Spa\u00df beim st\u00f6bern auf unserer Webseite.<\/p>\n<p>See you on the Road.<\/p>\n<p><strong>INSANE CREW&nbsp;<br><\/strong><strong><br><\/strong><\/p>\n<p>&nbsp;<\/p>\n<h2><strong>INFO<\/strong><\/h2>\n<p>Am ersten Samstag im Oktober (4.10.) sind wir wieder f\u00fcr euch da und freuen uns auf euren Besuch ab 20 Uhr auf ein paar Bier und tolle Gespr\u00e4che.<\/p>\n<p><img loading=\"lazy\" decoding=\"async\" class=\"alignnone size-medium wp-image-2291\" src=\"http:\/\/www.insanecrew-93.de\/wp-content\/uploads\/2024\/01\/prost-2-bierkruege-humor-lustig-300x300.jpg\" alt=\"\" width=\"300\" height=\"300\" srcset=\"http:\/\/www.insanecrew-93.de\/wp-content\/uploads\/2024\/01\/prost-2-bierkruege-humor-lustig-300x300.jpg 300w, http:\/\/www.insanecrew-93.de\/wp-content\/uploads\/2024\/01\/prost-2-bierkruege-humor-lustig-600x600.jpg 600w, http:\/\/www.insanecrew-93.de\/wp-content\/uploads\/2024\/01\/prost-2-bierkruege-humor-lustig-290x290.jpg 290w, http:\/\/www.insanecrew-93.de\/wp-content\/uploads\/2024\/01\/prost-2-bierkruege-humor-lustig.jpg 650w\" sizes=\"auto, (max-width: 300px) 100vw, 300px\" \/><\/p>\n<p>&nbsp;<\/p>\n\n\n<p>Hier findet ihr uns: <a href=\"https:\/\/www.google.de\/maps\/place\/Friedensstra%C3%9Fe+27,+68804+Altlu%C3%9Fheim\/@49.2922348,8.5055169,17z\/data=!4m6!3m5!1s0x4797b0b3c5fc5ed7:0xee9d391062bdd37d!8m2!3d49.2924028!4d8.5043796!16s%2Fg%2F11bw43ts09?entry=ttu\">Friedensstra\u00dfe 27 &#8211; Google Maps<\/a><\/p>\n\n\n\n<figure class=\"wp-block-image size-large is-resized\"><img loading=\"lazy\" decoding=\"async\" width=\"645\" height=\"600\" src=\"http:\/\/www.insanecrew-93.de\/wp-content\/uploads\/2024\/02\/image-645x600.png\" alt=\"\" class=\"wp-image-2336\" style=\"aspect-ratio:1.075;width:346px;height:auto\" srcset=\"http:\/\/www.insanecrew-93.de\/wp-content\/uploads\/2024\/02\/image-645x600.png 645w, http:\/\/www.insanecrew-93.de\/wp-content\/uploads\/2024\/02\/image-300x279.png 300w, http:\/\/www.insanecrew-93.de\/wp-content\/uploads\/2024\/02\/image-322x300.png 322w, http:\/\/www.insanecrew-93.de\/wp-content\/uploads\/2024\/02\/image.png 749w\" sizes=\"auto, (max-width: 645px) 100vw, 645px\" \/><\/figure>\n","protected":false},"excerpt":{"rendered":"<p>Willkommen auf der Internetseite der INSANE CREW&nbsp;Wir freuen uns, dass Ihr uns auch hier im World Wide Web besuchen kommt. Wir w\u00fcnschen euch eine geile Saison 2025 undviel Spa\u00df beim st\u00f6bern auf unserer Webseite. See you on the Road. INSANE &hellip; <a href=\"http:\/\/www.insanecrew-93.de\/\">Weiterlesen <span class=\"meta-nav\">&rarr;<\/span><\/a><\/p>\n","protected":false},"author":1,"featured_media":0,"parent":0,"menu_order":21,"comment_status":"closed","ping_status":"closed","template":"","meta":{"ngg_post_thumbnail":0,"footnotes":""},"class_list":["post-11","page","type-page","status-publish","hentry"],"_links":{"self":[{"href":"http:\/\/www.insanecrew-93.de\/index.php?rest_route=\/wp\/v2\/pages\/11","targetHints":{"allow":["GET"]}}],"collection":[{"href":"http:\/\/www.insanecrew-93.de\/index.php?rest_route=\/wp\/v2\/pages"}],"about":[{"href":"http:\/\/www.insanecrew-93.de\/index.php?rest_route=\/wp\/v2\/types\/page"}],"author":[{"embeddable":true,"href":"http:\/\/www.insanecrew-93.de\/index.php?rest_route=\/wp\/v2\/users\/1"}],"replies":[{"embeddable":true,"href":"http:\/\/www.insanecrew-93.de\/index.php?rest_route=%2Fwp%2Fv2%2Fcomments&post=11"}],"version-history":[{"count":98,"href":"http:\/\/www.insanecrew-93.de\/index.php?rest_route=\/wp\/v2\/pages\/11\/revisions"}],"predecessor-version":[{"id":2371,"href":"http:\/\/www.insanecrew-93.de\/index.php?rest_route=\/wp\/v2\/pages\/11\/revisions\/2371"}],"wp:attachment":[{"href":"http:\/\/www.insanecrew-93.de\/index.php?rest_route=%2Fwp%2Fv2%2Fmedia&parent=11"}],"curies":[{"name":"wp","href":"https:\/\/api.w.org\/{rel}","templated":true}]}}