{"id":4,"date":"2012-10-20T19:21:01","date_gmt":"2012-10-20T17:21:01","guid":{"rendered":"http:\/\/www.insane-tom-93.de\/wordpress\/?page_id=4"},"modified":"2017-07-27T12:14:48","modified_gmt":"2017-07-27T10:14:48","slug":"uber-uns","status":"publish","type":"page","link":"http:\/\/www.insanecrew-93.de\/?page_id=4","title":{"rendered":"\u00dcber uns"},"content":{"rendered":"<p><strong>Was ist die Insane Crew\u2026<\/strong><\/p>\n<p>Die Insane Crew e.V.&nbsp;ist ein Zusammenschluss von Freunden deren gemeinschaftliches Interesse dem Motorradfahren gilt. Hauptaugenmerk hierbei ist jedoch die untereinander bestehende tiefe Freundschaft.<\/p>\n<p>Ebenso wie das gemeinsame fahren mit den Motorr\u00e4dern ist auch das Umbauen und Schrauben an den Motorr\u00e4dern ein wichtiger Bestandteil der Gemeinschaft und unseres Clublebens<\/p>\n<p>Die Insane Crew e.V.&nbsp;ist kein MC, MF, oder MFG in Sinne der allgemein bekannten Auslegung dieser Begriffe, hat aber als Basis die urspr\u00fcngliche Philosophie der Bikerscene&nbsp; \u00fcbernommen. Dies sind vor allem Br\u00fcderlichkeit, Toleranz, Freundschaft und Zusammenhalt.<\/p>\n<p>Die Pflege von Kontakten zu gleichgesinnten Vereinigungen, aber auch zu MC`s und MF`s auf der Basis gegenseitigen Respekts und Freundschaft ist jedoch ein wichtiger Bestandteil unserer Philosophie.<\/p>\n<p>Die Insane Crew e.V.&nbsp;ist kein Supporterclub und wird auch von niemanden supportet. Die uneingeschr\u00e4nkte Selbst\u00e4ndigkeit und Unabh\u00e4ngigkeit ist ein unumst\u00f6\u00dflicher Bestandteil der Insane Crew e.V.<\/p>\n","protected":false},"excerpt":{"rendered":"<p>Was ist die Insane Crew\u2026 Die Insane Crew e.V.&nbsp;ist ein Zusammenschluss von Freunden deren gemeinschaftliches Interesse dem Motorradfahren gilt. Hauptaugenmerk hierbei ist jedoch die untereinander bestehende tiefe Freundschaft. Ebenso wie das gemeinsame fahren mit den Motorr\u00e4dern ist auch das Umbauen &hellip; <a href=\"http:\/\/www.insanecrew-93.de\/?page_id=4\">Weiterlesen <span class=\"meta-nav\">&rarr;<\/span><\/a><\/p>\n","protected":false},"author":1,"featured_media":0,"parent":0,"menu_order":22,"comment_status":"closed","ping_status":"closed","template":"","meta":{"ngg_post_thumbnail":0,"footnotes":""},"class_list":["post-4","page","type-page","status-publish","hentry"],"_links":{"self":[{"href":"http:\/\/www.insanecrew-93.de\/index.php?rest_route=\/wp\/v2\/pages\/4","targetHints":{"allow":["GET"]}}],"collection":[{"href":"http:\/\/www.insanecrew-93.de\/index.php?rest_route=\/wp\/v2\/pages"}],"about":[{"href":"http:\/\/www.insanecrew-93.de\/index.php?rest_route=\/wp\/v2\/types\/page"}],"author":[{"embeddable":true,"href":"http:\/\/www.insanecrew-93.de\/index.php?rest_route=\/wp\/v2\/users\/1"}],"replies":[{"embeddable":true,"href":"http:\/\/www.insanecrew-93.de\/index.php?rest_route=%2Fwp%2Fv2%2Fcomments&post=4"}],"version-history":[{"count":13,"href":"http:\/\/www.insanecrew-93.de\/index.php?rest_route=\/wp\/v2\/pages\/4\/revisions"}],"predecessor-version":[{"id":1589,"href":"http:\/\/www.insanecrew-93.de\/index.php?rest_route=\/wp\/v2\/pages\/4\/revisions\/1589"}],"wp:attachment":[{"href":"http:\/\/www.insanecrew-93.de\/index.php?rest_route=%2Fwp%2Fv2%2Fmedia&parent=4"}],"curies":[{"name":"wp","href":"https:\/\/api.w.org\/{rel}","templated":true}]}}